{"id":715,"date":"2024-04-17T14:57:37","date_gmt":"2024-04-17T14:57:37","guid":{"rendered":"https:\/\/asmarket.cloth.be\/?page_id=715"},"modified":"2024-04-18T08:54:13","modified_gmt":"2024-04-18T08:54:13","slug":"mentions-legales","status":"publish","type":"page","link":"https:\/\/asmarket.be\/fr\/mentions-legales\/","title":{"rendered":"Mentions l\u00e9gales"},"content":{"rendered":"<div class=\"data fxc\">\n<article >\n<h3>Editeur responsable:<\/h3>\n<h3>AS Market Andr\u00e9 Schins &#8211; Directeur g\u00e9n\u00e9ral<\/h3>\n<p>Rue Mitoyenne 356<\/p>\n<p>B &#8211; 4710 Lontzen<\/p>\n<p><a href=\"mailto:info@as-market.be\" target=\"_blank\" rel=\"noopener\">E-Mail: info@as-market.be<\/a><\/p>\n<p>MwsT: BE0632.502.653<\/p>\n<\/article>\n<article>\n<h3>R\u00e9alisation:<\/h3>\n<h3>CLOTH. kreativbureau<\/h3>\n<p>Schnellewindgasse 8<\/p>\n<p>B-4700 Eupen<\/p>\n<p><a href=\"mailto:info@cloth.be\">E-Mail: info@cloth.be<\/a><br \/>\n<a href=\"https:\/\/www.cloth.be\" target=\"_blank\" rel=\"noopener noreferrer\">Web: www.cloth.be<\/a><\/p>\n<\/article>\n<\/div>\n","protected":false},"excerpt":{"rendered":"Editeur responsable: AS Market Andr\u00e9 Schins &#8211; Directeur g\u00e9n\u00e9ral Rue Mitoyenne 356 B &#8211; 4710 Lontzen E-Mail: info@as-market.be MwsT: BE0632.502.653 R\u00e9alisation: CLOTH. kreativbureau Schnellewindgasse 8 B-4700 Eupen E-Mail: info@cloth.be Web: www.cloth.be","protected":false},"author":3,"featured_media":0,"parent":0,"menu_order":0,"comment_status":"closed","ping_status":"closed","template":"datenshutz.php","meta":{"_acf_changed":false,"footnotes":""},"class_list":["post-715","page","type-page","status-publish","hentry"],"acf":[],"_links":{"self":[{"href":"https:\/\/asmarket.be\/fr\/wp-json\/wp\/v2\/pages\/715","targetHints":{"allow":["GET"]}}],"collection":[{"href":"https:\/\/asmarket.be\/fr\/wp-json\/wp\/v2\/pages"}],"about":[{"href":"https:\/\/asmarket.be\/fr\/wp-json\/wp\/v2\/types\/page"}],"author":[{"embeddable":true,"href":"https:\/\/asmarket.be\/fr\/wp-json\/wp\/v2\/users\/3"}],"replies":[{"embeddable":true,"href":"https:\/\/asmarket.be\/fr\/wp-json\/wp\/v2\/comments?post=715"}],"version-history":[{"count":9,"href":"https:\/\/asmarket.be\/fr\/wp-json\/wp\/v2\/pages\/715\/revisions"}],"predecessor-version":[{"id":726,"href":"https:\/\/asmarket.be\/fr\/wp-json\/wp\/v2\/pages\/715\/revisions\/726"}],"wp:attachment":[{"href":"https:\/\/asmarket.be\/fr\/wp-json\/wp\/v2\/media?parent=715"}],"curies":[{"name":"wp","href":"https:\/\/api.w.org\/{rel}","templated":true}]}}